{"id":5473,"date":"2026-02-21T15:08:32","date_gmt":"2026-02-21T14:08:32","guid":{"rendered":"https:\/\/yarn-and-crochet.com\/?post_type=product&#038;p=5473"},"modified":"2026-02-24T18:17:02","modified_gmt":"2026-02-24T17:17:02","slug":"sun-key-ring","status":"publish","type":"product","link":"https:\/\/yarn-and-crochet.com\/en\/creation\/patrons\/porte-cle-soleil\/","title":{"rendered":"Pattern Crochet Sun Keyring - PDF Tutorial (English\/French)"},"content":{"rendered":"<div class=\"et_pb_section_0 et_pb_section et_section_regular et_flex_section\">\n<div class=\"et_pb_row_0 et_pb_row et_flex_row\">\n<div class=\"et_pb_column_0 et_pb_column et-last-child et_flex_column et_pb_css_mix_blend_mode_passthrough et_flex_column_24_24 et_flex_column_24_24_tablet et_flex_column_24_24_phone\">\n<div class=\"et_pb_wc_cart_notice_0 et_pb_wc_cart_notice et_pb_fields_layout_default et_pb_module\"><div class=\"et_pb_module_inner\">\n\t<div class=\"woocommerce-message\" role=\"alert\">\n\t\t&ldquo;Product Name&rdquo; has been added to cart.\t<\/div>\n<\/div><\/div>\n<\/div>\n<\/div>\n\n<div class=\"et_pb_row_1 et_pb_row et_flex_row\">\n<div class=\"et_pb_column_1 et_pb_column et-last-child et_flex_column et_pb_css_mix_blend_mode_passthrough et_flex_column_24_24 et_flex_column_24_24_tablet et_flex_column_24_24_phone\">\n<div class=\"et_pb_row_2 et_pb_row et_pb_row_nested et_block_row\">\n<div class=\"et_pb_column_2 et_pb_column et_pb_column_1_2 et_block_column et_pb_css_mix_blend_mode_passthrough\">\n<div class=\"et_pb_wc_images_0 et_pb_wc_images et_pb_module\"><div class=\"et_pb_module_inner\"><\/div><\/div>\n<\/div>\n\n<div class=\"et_pb_column_3 et_pb_column et_pb_column_1_2 et-last-child et_block_column et_pb_css_mix_blend_mode_passthrough\">\n<div class=\"et_pb_wc_title_0 et_pb_wc_title et_pb_bg_layout_light et_pb_module\"><div class=\"et_pb_module_inner\">\n\t\t<h1>Pattern Crochet Sun Keyring - PDF Tutorial (English\/French)<\/h1><\/div><\/div>\n\n\n\n<div class=\"et_pb_text_0 et_pb_text et_pb_bg_layout_light et_pb_module et_flex_module\"><div class=\"et_pb_text_inner\"><p><span>PDF pattern to make an adorable crocheted sun keychain.<\/span><\/p>\n<p>Instant download after payment.<span><br \/><\/span><strong>Digital product only<\/strong>, No physical item included.<\/p>\n<p><strong>This PDF contains:\u00a0<\/strong><\/p>\n<p>\u2022 2 Patterns in PDF format (French and English).<br \/>\u2022 <span>7 pages with explanatory photos in addition to the tutorial.<\/span><\/p>\n<\/div><\/div>\n\n\n<\/div>\n<\/div>\n<\/div>\n<\/div>\n<\/div>\n\n<div class=\"et_pb_section_1 et_pb_section et_section_regular et_flex_section section_has_divider et_pb_top_divider\"><div class=\"et_pb_top_inside_divider et-no-transition\"><\/div>\n<div class=\"et_pb_row_3 et_pb_row et_flex_row\">\n<div class=\"et_pb_column_4 et_pb_column et_flex_column et_pb_css_mix_blend_mode_passthrough et_flex_column_16_24 et_flex_column_16_24_tablet et_flex_column_24_24_phone\">\n<div class=\"et_pb_text_1 et_pb_text et_pb_bg_layout_light et_pb_module et_flex_module\"><div class=\"et_pb_text_inner\"><h2>About patterns<\/h2>\n<\/div><\/div>\n\n<div class=\"et_pb_text_2 et_pb_text et_pb_bg_layout_light et_pb_module et_flex_module\"><div class=\"et_pb_text_inner\"><p data-start=\"186\" data-end=\"394\">Every pattern is <strong>carefully designed, written and tested<\/strong> before being put online.<br data-start=\"267\" data-end=\"270\" \/>They are designed to offer you a clear, smooth and enjoyable experience, while remaining true to the Yarn &amp; Crochet universe.<\/p>\n<p data-start=\"396\" data-end=\"563\">Offering patterns in digital format helps limit the environmental impact (no printing, no transport) and gives you immediate access after purchase.<\/p>\n<p data-start=\"565\" data-end=\"590\"><strong>How does it work?<\/strong><\/p>\n<p data-start=\"595\" data-end=\"624\">1. You buy the pattern.<\/p>\n<p data-start=\"629\" data-end=\"694\">2. You will immediately receive an email with your download link.<\/p>\n<p data-start=\"699\" data-end=\"770\">3. You download your PDF (in French or US English, depending on your choice).<\/p>\n<p data-start=\"775\" data-end=\"834\">4. You can start crocheting whenever you want, at your own pace.<\/p>\n<p data-start=\"775\" data-end=\"834\">5. You have <span>unlimited access to download your file by accessing your account.<\/span><\/p>\n<p data-start=\"836\" data-end=\"938\">If you have any questions during the process, I&#039;m available by email at <a href=\"mailto:contact@yarn-and-crochet.com\"><span style=\"text-decoration: underline;\">contact@yarn-and-crochet.com<\/span><\/a> to accompany you.<\/p>\n<\/div><\/div>\n<\/div>\n\n<div class=\"et_pb_column_5 et_pb_column et-last-child et_flex_column et_pb_css_mix_blend_mode_passthrough et_flex_column_8_24 et_flex_column_8_24_tablet et_flex_column_24_24_phone\">\n<div class=\"et_pb_image_0 et_pb_image et_pb_image_bottom_space_phone et_pb_module et_flex_module\"><span class=\"et_pb_image_wrap\"><img loading=\"lazy\" decoding=\"async\" src=\"https:\/\/yarn-and-crochet.com\/wp-content\/uploads\/2026\/02\/patron-soleil.png\" alt=\"sun-pattern\" title=\"Sun Boss\" width=\"604\" height=\"629\" srcset=\"https:\/\/yarn-and-crochet.com\/wp-content\/uploads\/2026\/02\/patron-soleil.png 604w, https:\/\/yarn-and-crochet.com\/wp-content\/uploads\/2026\/02\/patron-soleil-480x500.png 480w\" sizes=\"(min-width: 0px) and (max-width: 480px) 480px, (min-width: 481px) 604px, 100vw\" class=\"wp-image-5099\" \/><\/span><\/div>\n<\/div>\n<\/div>\n<\/div>\n\n<div class=\"et_pb_section_2 et_pb_section et_section_regular et_flex_section\">\n<div class=\"et_pb_row_4 et_pb_row et_flex_row\">\n<div class=\"et_pb_column_6 et_pb_column et-last-child et_flex_column et_pb_css_mix_blend_mode_passthrough et_flex_column_24_24 et_flex_column_24_24_tablet et_flex_column_24_24_phone\">\n<div class=\"et_pb_text_3 et_pb_text et_pb_bg_layout_light et_pb_module et_flex_module\"><div class=\"et_pb_text_inner\"><h2>Product details<\/h2>\n<\/div><\/div>\n<\/div>\n<\/div>\n\n<div class=\"et_pb_row_5 et_pb_row et_flex_row\">\n<div class=\"et_pb_column_7 et_pb_column et_flex_column et_pb_css_mix_blend_mode_passthrough et_flex_column_12_24 et_flex_column_12_24_tablet et_flex_column_24_24_phone\">\n<div class=\"et_pb_text_4 et_pb_text et_pb_bg_layout_light et_pb_module et_flex_module\"><div class=\"et_pb_text_inner\"><h3 style=\"text-align: center;\">Materials used<\/h3>\n<\/div><\/div>\n\n<div class=\"et_pb_text_5 et_pb_text et_pb_bg_layout_light et_pb_module et_flex_module\"><div class=\"et_pb_text_inner\"><p>\u2022 Less than 10g of yellow yarn (50g\/125m)<br \/>\u2022 Hook: 3.0 mm.<br \/>\u2022 Scissors, sewing needle.<br \/>\u2022 Metal hook for key ring.<\/p>\n<p><strong>Final size: <\/strong>approximately 6 cm.<strong><br \/><\/strong><\/p>\n<\/div><\/div>\n<\/div>\n\n<div class=\"et_pb_column_8 et_pb_column et-last-child et_flex_column et_pb_css_mix_blend_mode_passthrough et_flex_column_12_24 et_flex_column_12_24_tablet et_flex_column_24_24_phone\">\n<div class=\"et_pb_text_6 et_pb_text et_pb_bg_layout_light et_pb_module et_flex_module\"><div class=\"et_pb_text_inner\"><h3>Abbreviations used<\/h3>\n<\/div><\/div>\n\n<div class=\"et_pb_text_7 et_pb_text et_pb_bg_layout_light et_pb_module et_flex_module\"><div class=\"et_pb_text_inner\"><p>MC \u2013 Magic circle <br \/>ch - chain<br \/>slst \u2013 Slip stitch<br \/>sc - Single crochet <br \/>hdc \u2013 Half double crochet<br \/>dc \u2013 Double crochet<br \/>inc \u2013 Increase<\/p>\n<\/div><\/div>\n<\/div>\n<\/div>\n\n<div class=\"et_pb_row_6 et_pb_row et_flex_row certification-title\">\n<div class=\"et_pb_column_9 et_pb_column et-last-child et_flex_column et_pb_css_mix_blend_mode_passthrough et_flex_column_24_24 et_flex_column_24_24_tablet et_flex_column_24_24_phone\">\n<div class=\"et_pb_text_8 et_pb_text et_pb_bg_layout_light et_pb_module et_flex_module\"><div class=\"et_pb_text_inner\"><h3>#MadeByHuman Certification<\/h3>\n<\/div><\/div>\n<\/div>\n<\/div>\n\n<div class=\"et_pb_row_7 et_pb_row et_flex_row\">\n<div class=\"et_pb_column_10 et_pb_column et-last-child et_flex_column et_pb_css_mix_blend_mode_passthrough et_flex_column_24_24 et_flex_column_24_24_tablet et_flex_column_24_24_phone\">\n<div class=\"et_pb_text_9 et_pb_text et_pb_bg_layout_light et_pb_module et_flex_module\"><div class=\"et_pb_text_inner\"><p>Every pattern and every creation is entirely imagined, crocheted and tested <strong>by hand<\/strong>, without the use of artificial intelligence. A guarantee of reliable, feasible and sincere models.<\/p>\n<\/div><\/div>\n\n<div class=\"et_pb_text_10 et_pb_text et_pb_bg_layout_light et_pb_module et_flex_module\"><div class=\"et_pb_text_inner\"><h3>Terms of Use<\/h3>\n<\/div><\/div>\n\n<div class=\"et_pb_text_11 et_pb_text et_pb_bg_layout_light et_pb_module et_flex_module\"><div class=\"et_pb_text_inner\"><p><span>\u2022 Instant download after payment.<br \/><\/span><span>\u2022 <strong>Digital product only<\/strong>, No physical item included.<br \/><\/span><span>\u2022 This pattern is reserved for <strong>personal use only<\/strong>. It cannot be shared, sold, or distributed. You may sell creations made from this pattern, provided you credit Yarn &amp; Crochet as the designer. Thank you for respecting my work.<br \/><\/span><span>\u2022 No returns, exchanges or cancellations are accepted for this digital product.<\/span><\/p>\n<\/div><\/div>\n<\/div>\n<\/div>\n<\/div>\n\n<div class=\"et_pb_section_3 et_pb_section et_section_regular et_flex_section\">\n<div class=\"et_pb_row_8 et_pb_row et_flex_row\">\n<div class=\"et_pb_column_11 et_pb_column et_flex_column et_pb_css_mix_blend_mode_passthrough et_flex_column_16_24 et_flex_column_16_24_tablet et_flex_column_24_24_phone\">\n<div class=\"et_pb_text_12 et_pb_text et_pb_bg_layout_light et_pb_module et_flex_module\"><div class=\"et_pb_text_inner\"><h2>You don&#039;t crochet?<\/h2>\n<\/div><\/div>\n\n<div class=\"et_pb_text_13 et_pb_text et_pb_bg_layout_light et_pb_module et_flex_module\"><div class=\"et_pb_text_inner\"><p data-start=\"233\" data-end=\"369\">You love this keychain but you don&#039;t crochet (or you simply don&#039;t have the time)? It&#039;s already made for you in the latest pieces collection!<\/p>\n<p data-start=\"371\" data-end=\"493\"><span>The latest pieces feature creations from\u00a0<\/span><strong>old collections<\/strong><span> Yarn &amp; Crochet. Produced in limited quantities, they will not be repeated once stocks run out.<\/span><\/p>\n<p data-start=\"620\" data-end=\"731\">Whether it&#039;s for a gift or for yourself, you will receive a unique creation, made with love and patience.<\/p>\n<\/div><\/div>\n\n<div class=\"et_pb_module et_pb_button_module_wrapper et_pb_button_0_wrapper\"><a class=\"et_pb_button_0 et_pb_button et_pb_bg_layout_light et_pb_module et_flex_module\" href=\"\/en\/creation\/collections\/last-pieces\/dp-sun-key-ring\/\">Place your order<\/a><\/div>\n<\/div>\n\n<div class=\"et_pb_column_12 et_pb_column et-last-child et_flex_column et_pb_css_mix_blend_mode_passthrough et_flex_column_8_24 et_flex_column_8_24_tablet et_flex_column_24_24_phone\">\n<div class=\"et_pb_image_1 et_pb_image et_pb_image_bottom_space_phone et_pb_module et_flex_module\"><span class=\"et_pb_image_wrap\"><img loading=\"lazy\" decoding=\"async\" src=\"https:\/\/yarn-and-crochet.com\/wp-content\/uploads\/2026\/02\/P1340133.jpg\" alt=\"sun\" title=\"sun\" width=\"650\" height=\"650\" srcset=\"https:\/\/yarn-and-crochet.com\/wp-content\/uploads\/2026\/02\/P1340133.jpg 650w, https:\/\/yarn-and-crochet.com\/wp-content\/uploads\/2026\/02\/P1340133-480x480.jpg 480w\" sizes=\"(min-width: 0px) and (max-width: 480px) 480px, (min-width: 481px) 650px, 100vw\" class=\"wp-image-5094\" \/><\/span><\/div>\n<\/div>\n<\/div>\n<\/div>\n\n<div class=\"et_pb_section_4 et_pb_section et_section_regular et_flex_section section_has_divider et_pb_top_divider\"><div class=\"et_pb_top_inside_divider et-no-transition\"><\/div>\n<div class=\"et_pb_row_9 et_pb_row et_flex_row\">\n<div class=\"et_pb_column_13 et_pb_column et-last-child et_flex_column et_pb_css_mix_blend_mode_passthrough et_flex_column_24_24 et_flex_column_24_24_tablet et_flex_column_24_24_phone\">\n<div class=\"et_pb_text_14 et_pb_text et_pb_bg_layout_light et_pb_module et_flex_module\"><div class=\"et_pb_text_inner\"><h2>Discover all Yarn &amp; Crochet Patterns<\/h2>\n<\/div><\/div>\n<\/div>\n<\/div>\n\n<div class=\"et_pb_row_10 et_pb_row et_flex_row\">\n<div class=\"et_pb_column_14 et_pb_column et-last-child et_flex_column et_pb_css_mix_blend_mode_passthrough et_flex_column_24_24 et_flex_column_24_24_tablet et_flex_column_24_24_phone\">\n<div class=\"et_pb_shop_0 et_pb_shop et_pb_module\" data-shortcode_index=\"0\"><div class=\"woocommerce columns-4\"><ul class=\"products columns-4\">\n<li class=\"product type-product post-5401 status-publish first instock product_cat-patrons has-post-thumbnail downloadable virtual purchasable product-type-simple\">\n\t<a href=\"https:\/\/yarn-and-crochet.com\/en\/creation\/patrons\/peluche-canard\/\" class=\"woocommerce-LoopProduct-link woocommerce-loop-product__link\"><span class=\"et_shop_image\"><img loading=\"lazy\" decoding=\"async\" width=\"650\" height=\"650\" src=\"https:\/\/yarn-and-crochet.com\/wp-content\/uploads\/2026\/01\/Oscarlecanard.jpg\" class=\"attachment-woocommerce_thumbnail size-woocommerce_thumbnail\" alt=\"Oscarlecanard\" srcset=\"https:\/\/yarn-and-crochet.com\/wp-content\/uploads\/2026\/01\/Oscarlecanard.jpg 650w, https:\/\/yarn-and-crochet.com\/wp-content\/uploads\/2026\/01\/Oscarlecanard-480x480.jpg 480w\" sizes=\"(min-width: 0px) and (max-width: 480px) 480px, (min-width: 481px) 650px, 100vw\" \/><span class=\"et_overlay\"><\/span><\/span><h2 class=\"woocommerce-loop-product__title\">Oscar The Crocheted Duck - Plush Pattern PDF Downloads English and French<\/h2>\n\t<span class=\"price\"><span class=\"woocommerce-Price-amount amount\"><bdi>5,90&nbsp;<span class=\"woocommerce-Price-currencySymbol\">\u20ac<\/span><\/bdi><\/span><\/span>\n<\/a><\/li>\n<li class=\"product type-product post-5430 status-publish instock product_cat-patrons has-post-thumbnail downloadable virtual purchasable product-type-simple\">\n\t<a href=\"https:\/\/yarn-and-crochet.com\/en\/creation\/patrons\/peluche-meduse\/\" class=\"woocommerce-LoopProduct-link woocommerce-loop-product__link\"><span class=\"et_shop_image\"><img loading=\"lazy\" decoding=\"async\" width=\"650\" height=\"650\" src=\"https:\/\/yarn-and-crochet.com\/wp-content\/uploads\/2026\/01\/Milalameduse.jpg\" class=\"attachment-woocommerce_thumbnail size-woocommerce_thumbnail\" alt=\"Milalameduse\" srcset=\"https:\/\/yarn-and-crochet.com\/wp-content\/uploads\/2026\/01\/Milalameduse.jpg 650w, https:\/\/yarn-and-crochet.com\/wp-content\/uploads\/2026\/01\/Milalameduse-480x480.jpg 480w\" sizes=\"(min-width: 0px) and (max-width: 480px) 480px, (min-width: 481px) 650px, 100vw\" \/><span class=\"et_overlay\"><\/span><\/span><h2 class=\"woocommerce-loop-product__title\">Crochet Jellyfish - Plush Pattern PDF Downloads English and French<\/h2>\n\t<span class=\"price\"><span class=\"woocommerce-Price-amount amount\"><bdi>5,90&nbsp;<span class=\"woocommerce-Price-currencySymbol\">\u20ac<\/span><\/bdi><\/span><\/span>\n<\/a><\/li>\n<li class=\"product type-product post-5433 status-publish instock product_cat-patrons has-post-thumbnail downloadable virtual purchasable product-type-simple\">\n\t<a href=\"https:\/\/yarn-and-crochet.com\/en\/creation\/patrons\/peluche-pingouin\/\" class=\"woocommerce-LoopProduct-link woocommerce-loop-product__link\"><span class=\"et_shop_image\"><img loading=\"lazy\" decoding=\"async\" width=\"650\" height=\"650\" src=\"https:\/\/yarn-and-crochet.com\/wp-content\/uploads\/2026\/02\/P1330849.jpg\" class=\"attachment-woocommerce_thumbnail size-woocommerce_thumbnail\" alt=\"Crochet Baby Penguin - Plush Pattern PDF Downloads English and French\" srcset=\"https:\/\/yarn-and-crochet.com\/wp-content\/uploads\/2026\/02\/P1330849.jpg 650w, https:\/\/yarn-and-crochet.com\/wp-content\/uploads\/2026\/02\/P1330849-480x480.jpg 480w\" sizes=\"(min-width: 0px) and (max-width: 480px) 480px, (min-width: 481px) 650px, 100vw\" \/><span class=\"et_overlay\"><\/span><\/span><h2 class=\"woocommerce-loop-product__title\">Crochet Baby Penguin - Plush Pattern PDF Downloads English and French<\/h2>\n\t<span class=\"price\"><span class=\"woocommerce-Price-amount amount\"><bdi>5,90&nbsp;<span class=\"woocommerce-Price-currencySymbol\">\u20ac<\/span><\/bdi><\/span><\/span>\n<\/a><\/li>\n<li class=\"product type-product post-5441 status-publish last instock product_cat-patrons has-post-thumbnail downloadable virtual purchasable product-type-simple\">\n\t<a href=\"https:\/\/yarn-and-crochet.com\/en\/creation\/patrons\/peluche-loutre\/\" class=\"woocommerce-LoopProduct-link woocommerce-loop-product__link\"><span class=\"et_shop_image\"><img loading=\"lazy\" decoding=\"async\" width=\"650\" height=\"650\" src=\"https:\/\/yarn-and-crochet.com\/wp-content\/uploads\/2026\/02\/P1330795.jpg\" class=\"attachment-woocommerce_thumbnail size-woocommerce_thumbnail\" alt=\"sea otter\" srcset=\"https:\/\/yarn-and-crochet.com\/wp-content\/uploads\/2026\/02\/P1330795.jpg 650w, https:\/\/yarn-and-crochet.com\/wp-content\/uploads\/2026\/02\/P1330795-480x480.jpg 480w\" sizes=\"(min-width: 0px) and (max-width: 480px) 480px, (min-width: 481px) 650px, 100vw\" \/><span class=\"et_overlay\"><\/span><\/span><h2 class=\"woocommerce-loop-product__title\">Crochet Sea Otter - Plush Pattern PDF Downloads English and French<\/h2>\n\t<span class=\"price\"><span class=\"woocommerce-Price-amount amount\"><bdi>5,90&nbsp;<span class=\"woocommerce-Price-currencySymbol\">\u20ac<\/span><\/bdi><\/span><\/span>\n<\/a><\/li>\n<\/ul>\n<\/div><\/div>\n\n<div class=\"et_pb_module et_pb_button_module_wrapper et_pb_button_1_wrapper\"><a class=\"et_pb_button_1 et_pb_button et_pb_bg_layout_light et_pb_module et_flex_module yc-bouton\" href=\"\/en\/creations\/patterns\/\">All the Patterns<\/a><\/div>\n<\/div>\n<\/div>\n<\/div>","protected":false},"excerpt":{"rendered":"","protected":false},"featured_media":5095,"template":"","meta":[],"product_brand":[],"product_cat":[124],"product_tag":[],"class_list":{"0":"post-5473","1":"product","2":"type-product","3":"status-publish","4":"has-post-thumbnail","6":"product_cat-patrons","7":"product_shipping_class-medium","9":"first","10":"instock","11":"downloadable","12":"virtual","13":"purchasable","14":"product-type-simple"},"yoast_head":"<!-- This site is optimized with the Yoast SEO plugin v27.5 - https:\/\/yoast.com\/product\/yoast-seo-wordpress\/ -->\n<title>Patron Porte-cl\u00e9 Soleil au Crochet \u2013 Tutoriel PDF<\/title>\n<meta name=\"description\" content=\"Cr\u00e9e un porte-cl\u00e9 Soleil au crochet gr\u00e2ce \u00e0 ce patron PDF (FR ou US). T\u00e9l\u00e9charge le et suis les \u00e9tapes pour une cr\u00e9ation faite main.\" \/>\n<meta name=\"robots\" content=\"index, follow, max-snippet:-1, max-image-preview:large, max-video-preview:-1\" \/>\n<link rel=\"canonical\" href=\"https:\/\/yarn-and-crochet.com\/en\/creation\/patterns\/sun-key-ring\/\" \/>\n<meta property=\"og:locale\" content=\"en_US\" \/>\n<meta property=\"og:type\" content=\"article\" \/>\n<meta property=\"og:title\" content=\"Patron Porte-cl\u00e9 Soleil au Crochet \u2013 Tutoriel PDF\" \/>\n<meta property=\"og:description\" content=\"Cr\u00e9e un porte-cl\u00e9 Soleil au crochet gr\u00e2ce \u00e0 ce patron PDF (FR ou US). T\u00e9l\u00e9charge le et suis les \u00e9tapes pour une cr\u00e9ation faite main.\" \/>\n<meta property=\"og:url\" content=\"https:\/\/yarn-and-crochet.com\/en\/creation\/patterns\/sun-key-ring\/\" \/>\n<meta property=\"og:site_name\" content=\"Yarn And Crochet\" \/>\n<meta property=\"article:modified_time\" content=\"2026-02-24T17:17:02+00:00\" \/>\n<meta property=\"og:image\" content=\"https:\/\/yarn-and-crochet.com\/wp-content\/uploads\/2026\/02\/P1340166.jpg\" \/>\n\t<meta property=\"og:image:width\" content=\"650\" \/>\n\t<meta property=\"og:image:height\" content=\"650\" \/>\n\t<meta property=\"og:image:type\" content=\"image\/jpeg\" \/>\n<meta name=\"twitter:card\" content=\"summary_large_image\" \/>\n<meta name=\"twitter:label1\" content=\"Est. reading time\" \/>\n\t<meta name=\"twitter:data1\" content=\"1 minute\" \/>\n<script type=\"application\/ld+json\" class=\"yoast-schema-graph\">{\"@context\":\"https:\\\/\\\/schema.org\",\"@graph\":[{\"@type\":\"WebPage\",\"@id\":\"https:\\\/\\\/yarn-and-crochet.com\\\/creation\\\/patrons\\\/porte-cle-soleil\\\/\",\"url\":\"https:\\\/\\\/yarn-and-crochet.com\\\/creation\\\/patrons\\\/porte-cle-soleil\\\/\",\"name\":\"Patron Porte-cl\u00e9 Soleil au Crochet \u2013 Tutoriel PDF\",\"isPartOf\":{\"@id\":\"https:\\\/\\\/yarn-and-crochet.com\\\/#website\"},\"primaryImageOfPage\":{\"@id\":\"https:\\\/\\\/yarn-and-crochet.com\\\/creation\\\/patrons\\\/porte-cle-soleil\\\/#primaryimage\"},\"image\":{\"@id\":\"https:\\\/\\\/yarn-and-crochet.com\\\/creation\\\/patrons\\\/porte-cle-soleil\\\/#primaryimage\"},\"thumbnailUrl\":\"https:\\\/\\\/yarn-and-crochet.com\\\/wp-content\\\/uploads\\\/2026\\\/02\\\/P1340166.jpg\",\"datePublished\":\"2026-02-21T14:08:32+00:00\",\"dateModified\":\"2026-02-24T17:17:02+00:00\",\"description\":\"Cr\u00e9e un porte-cl\u00e9 Soleil au crochet gr\u00e2ce \u00e0 ce patron PDF (FR ou US). T\u00e9l\u00e9charge le et suis les \u00e9tapes pour une cr\u00e9ation faite main.\",\"breadcrumb\":{\"@id\":\"https:\\\/\\\/yarn-and-crochet.com\\\/creation\\\/patrons\\\/porte-cle-soleil\\\/#breadcrumb\"},\"inLanguage\":\"en-US\",\"potentialAction\":[{\"@type\":\"ReadAction\",\"target\":[\"https:\\\/\\\/yarn-and-crochet.com\\\/creation\\\/patrons\\\/porte-cle-soleil\\\/\"]}]},{\"@type\":\"ImageObject\",\"inLanguage\":\"en-US\",\"@id\":\"https:\\\/\\\/yarn-and-crochet.com\\\/creation\\\/patrons\\\/porte-cle-soleil\\\/#primaryimage\",\"url\":\"https:\\\/\\\/yarn-and-crochet.com\\\/wp-content\\\/uploads\\\/2026\\\/02\\\/P1340166.jpg\",\"contentUrl\":\"https:\\\/\\\/yarn-and-crochet.com\\\/wp-content\\\/uploads\\\/2026\\\/02\\\/P1340166.jpg\",\"width\":650,\"height\":650,\"caption\":\"soleil\"},{\"@type\":\"BreadcrumbList\",\"@id\":\"https:\\\/\\\/yarn-and-crochet.com\\\/creation\\\/patrons\\\/porte-cle-soleil\\\/#breadcrumb\",\"itemListElement\":[{\"@type\":\"ListItem\",\"position\":1,\"name\":\"Accueil\",\"item\":\"https:\\\/\\\/yarn-and-crochet.com\\\/\"},{\"@type\":\"ListItem\",\"position\":2,\"name\":\"Produits\",\"item\":\"https:\\\/\\\/yarn-and-crochet.com\\\/boutique\\\/\"},{\"@type\":\"ListItem\",\"position\":3,\"name\":\"Patron Porte-cl\u00e9 Soleil au Crochet \u2013 Tutoriel PDF (Fran\u00e7ais\\\/Anglais)\"}]},{\"@type\":\"WebSite\",\"@id\":\"https:\\\/\\\/yarn-and-crochet.com\\\/#website\",\"url\":\"https:\\\/\\\/yarn-and-crochet.com\\\/\",\"name\":\"Yarn And Crochet\",\"description\":\"Yarn And Crochet\",\"potentialAction\":[{\"@type\":\"SearchAction\",\"target\":{\"@type\":\"EntryPoint\",\"urlTemplate\":\"https:\\\/\\\/yarn-and-crochet.com\\\/?s={search_term_string}\"},\"query-input\":{\"@type\":\"PropertyValueSpecification\",\"valueRequired\":true,\"valueName\":\"search_term_string\"}}],\"inLanguage\":\"en-US\"}]}<\/script>\n<!-- \/ Yoast SEO plugin. -->","yoast_head_json":{"title":"Crochet Sun Keychain Pattern \u2013 PDF Tutorial","description":"Create a crocheted sun keychain using this PDF pattern (FR or US). Download it and follow the steps for a handmade creation.","robots":{"index":"index","follow":"follow","max-snippet":"max-snippet:-1","max-image-preview":"max-image-preview:large","max-video-preview":"max-video-preview:-1"},"canonical":"https:\/\/yarn-and-crochet.com\/en\/creation\/patterns\/sun-key-ring\/","og_locale":"en_US","og_type":"article","og_title":"Patron Porte-cl\u00e9 Soleil au Crochet \u2013 Tutoriel PDF","og_description":"Cr\u00e9e un porte-cl\u00e9 Soleil au crochet gr\u00e2ce \u00e0 ce patron PDF (FR ou US). T\u00e9l\u00e9charge le et suis les \u00e9tapes pour une cr\u00e9ation faite main.","og_url":"https:\/\/yarn-and-crochet.com\/en\/creation\/patterns\/sun-key-ring\/","og_site_name":"Yarn And Crochet","article_modified_time":"2026-02-24T17:17:02+00:00","og_image":[{"width":650,"height":650,"url":"https:\/\/yarn-and-crochet.com\/wp-content\/uploads\/2026\/02\/P1340166.jpg","type":"image\/jpeg"}],"twitter_card":"summary_large_image","twitter_misc":{"Est. reading time":"1 minute"},"schema":{"@context":"https:\/\/schema.org","@graph":[{"@type":"WebPage","@id":"https:\/\/yarn-and-crochet.com\/creation\/patrons\/porte-cle-soleil\/","url":"https:\/\/yarn-and-crochet.com\/creation\/patrons\/porte-cle-soleil\/","name":"Crochet Sun Keychain Pattern \u2013 PDF Tutorial","isPartOf":{"@id":"https:\/\/yarn-and-crochet.com\/#website"},"primaryImageOfPage":{"@id":"https:\/\/yarn-and-crochet.com\/creation\/patrons\/porte-cle-soleil\/#primaryimage"},"image":{"@id":"https:\/\/yarn-and-crochet.com\/creation\/patrons\/porte-cle-soleil\/#primaryimage"},"thumbnailUrl":"https:\/\/yarn-and-crochet.com\/wp-content\/uploads\/2026\/02\/P1340166.jpg","datePublished":"2026-02-21T14:08:32+00:00","dateModified":"2026-02-24T17:17:02+00:00","description":"Create a crocheted sun keychain using this PDF pattern (FR or US). Download it and follow the steps for a handmade creation.","breadcrumb":{"@id":"https:\/\/yarn-and-crochet.com\/creation\/patrons\/porte-cle-soleil\/#breadcrumb"},"inLanguage":"en-US","potentialAction":[{"@type":"ReadAction","target":["https:\/\/yarn-and-crochet.com\/creation\/patrons\/porte-cle-soleil\/"]}]},{"@type":"ImageObject","inLanguage":"en-US","@id":"https:\/\/yarn-and-crochet.com\/creation\/patrons\/porte-cle-soleil\/#primaryimage","url":"https:\/\/yarn-and-crochet.com\/wp-content\/uploads\/2026\/02\/P1340166.jpg","contentUrl":"https:\/\/yarn-and-crochet.com\/wp-content\/uploads\/2026\/02\/P1340166.jpg","width":650,"height":650,"caption":"soleil"},{"@type":"BreadcrumbList","@id":"https:\/\/yarn-and-crochet.com\/creation\/patrons\/porte-cle-soleil\/#breadcrumb","itemListElement":[{"@type":"ListItem","position":1,"name":"Accueil","item":"https:\/\/yarn-and-crochet.com\/"},{"@type":"ListItem","position":2,"name":"Produits","item":"https:\/\/yarn-and-crochet.com\/boutique\/"},{"@type":"ListItem","position":3,"name":"Patron Porte-cl\u00e9 Soleil au Crochet \u2013 Tutoriel PDF (Fran\u00e7ais\/Anglais)"}]},{"@type":"WebSite","@id":"https:\/\/yarn-and-crochet.com\/#website","url":"https:\/\/yarn-and-crochet.com\/","name":"Yarn And Crochet","description":"Yarn And Crochet","potentialAction":[{"@type":"SearchAction","target":{"@type":"EntryPoint","urlTemplate":"https:\/\/yarn-and-crochet.com\/?s={search_term_string}"},"query-input":{"@type":"PropertyValueSpecification","valueRequired":true,"valueName":"search_term_string"}}],"inLanguage":"en-US"}]}},"_links":{"self":[{"href":"https:\/\/yarn-and-crochet.com\/en\/wp-json\/wp\/v2\/product\/5473","targetHints":{"allow":["GET"]}}],"collection":[{"href":"https:\/\/yarn-and-crochet.com\/en\/wp-json\/wp\/v2\/product"}],"about":[{"href":"https:\/\/yarn-and-crochet.com\/en\/wp-json\/wp\/v2\/types\/product"}],"wp:featuredmedia":[{"embeddable":true,"href":"https:\/\/yarn-and-crochet.com\/en\/wp-json\/wp\/v2\/media\/5095"}],"wp:attachment":[{"href":"https:\/\/yarn-and-crochet.com\/en\/wp-json\/wp\/v2\/media?parent=5473"}],"wp:term":[{"taxonomy":"product_brand","embeddable":true,"href":"https:\/\/yarn-and-crochet.com\/en\/wp-json\/wp\/v2\/product_brand?post=5473"},{"taxonomy":"product_cat","embeddable":true,"href":"https:\/\/yarn-and-crochet.com\/en\/wp-json\/wp\/v2\/product_cat?post=5473"},{"taxonomy":"product_tag","embeddable":true,"href":"https:\/\/yarn-and-crochet.com\/en\/wp-json\/wp\/v2\/product_tag?post=5473"}],"curies":[{"name":"wp","href":"https:\/\/api.w.org\/{rel}","templated":true}]}}