{"id":5503,"date":"2026-02-21T18:11:38","date_gmt":"2026-02-21T17:11:38","guid":{"rendered":"https:\/\/yarn-and-crochet.com\/?post_type=product&#038;p=5503"},"modified":"2026-02-24T18:14:09","modified_gmt":"2026-02-24T17:14:09","slug":"cat-toy-fishing-rod","status":"publish","type":"product","link":"https:\/\/yarn-and-crochet.com\/en\/creation\/patrons\/jouet-chat-canne-a-peche\/","title":{"rendered":"Pattern Crochet Cat Toy - PDF Tutorial (English\/French) Fishing Rod with Fish, Squid and Jellyfish"},"content":{"rendered":"<div class=\"et_pb_section_0 et_pb_section et_section_regular et_flex_section\">\n<div class=\"et_pb_row_0 et_pb_row et_flex_row\">\n<div class=\"et_pb_column_0 et_pb_column et-last-child et_flex_column et_pb_css_mix_blend_mode_passthrough et_flex_column_24_24 et_flex_column_24_24_tablet et_flex_column_24_24_phone\">\n<div class=\"et_pb_wc_cart_notice_0 et_pb_wc_cart_notice et_pb_fields_layout_default et_pb_module\"><div class=\"et_pb_module_inner\">\n\t<div class=\"woocommerce-message\" role=\"alert\">\n\t\t&ldquo;Product Name&rdquo; has been added to cart.\t<\/div>\n<\/div><\/div>\n<\/div>\n<\/div>\n\n<div class=\"et_pb_row_1 et_pb_row et_flex_row\">\n<div class=\"et_pb_column_1 et_pb_column et-last-child et_flex_column et_pb_css_mix_blend_mode_passthrough et_flex_column_24_24 et_flex_column_24_24_tablet et_flex_column_24_24_phone\">\n<div class=\"et_pb_row_2 et_pb_row et_pb_row_nested et_block_row\">\n<div class=\"et_pb_column_2 et_pb_column et_pb_column_1_2 et_block_column et_pb_css_mix_blend_mode_passthrough\">\n<div class=\"et_pb_wc_images_0 et_pb_wc_images et_pb_module\"><div class=\"et_pb_module_inner\"><\/div><\/div>\n<\/div>\n\n<div class=\"et_pb_column_3 et_pb_column et_pb_column_1_2 et-last-child et_block_column et_pb_css_mix_blend_mode_passthrough\">\n<div class=\"et_pb_wc_title_0 et_pb_wc_title et_pb_bg_layout_light et_pb_module\"><div class=\"et_pb_module_inner\">\n\t\t<h1>Patron Jouet pour Chat au Crochet \u2013 Tutoriel PDF (Fran\u00e7ais\/Anglais) Canne \u00e0 P\u00eache avec poisson calamar et m\u00e9duse<\/h1><\/div><\/div>\n\n\n\n<div class=\"et_pb_text_0 et_pb_text et_pb_bg_layout_light et_pb_module et_flex_module\"><div class=\"et_pb_text_inner\"><p><span>Patron au format PDF pour r\u00e9aliser un jouet canne \u00e0 p\u00eache pour chat au crochet.<\/span><\/p>\n<p>T\u00e9l\u00e9chargement instantan\u00e9 apr\u00e8s paiement.<span><br \/><\/span><strong>Produit num\u00e9rique uniquement<\/strong>, aucun article physique inclus.<\/p>\n<p><strong>Ce PDF contient :\u00a0<\/strong><\/p>\n<p>\u2022 2 Patrons au format PDF (Fran\u00e7ais et Anglais).<br \/>\u2022 8<span>\u00a0pages avec des photos explicatives en plus du tutoriel.<\/span><\/p>\n<\/div><\/div>\n\n\n<\/div>\n<\/div>\n<\/div>\n<\/div>\n<\/div>\n\n<div class=\"et_pb_section_1 et_pb_section et_section_regular et_flex_section section_has_divider et_pb_top_divider\"><div class=\"et_pb_top_inside_divider et-no-transition\"><\/div>\n<div class=\"et_pb_row_3 et_pb_row et_flex_row\">\n<div class=\"et_pb_column_4 et_pb_column et_flex_column et_pb_css_mix_blend_mode_passthrough et_flex_column_16_24 et_flex_column_16_24_tablet et_flex_column_24_24_phone\">\n<div class=\"et_pb_text_1 et_pb_text et_pb_bg_layout_light et_pb_module et_flex_module\"><div class=\"et_pb_text_inner\"><h2>\u00c0 propos des patrons<\/h2>\n<\/div><\/div>\n\n<div class=\"et_pb_text_2 et_pb_text et_pb_bg_layout_light et_pb_module et_flex_module\"><div class=\"et_pb_text_inner\"><p data-start=\"186\" data-end=\"394\">Chaque patron est <strong>con\u00e7u, r\u00e9dig\u00e9 et test\u00e9 avec soin<\/strong> avant d\u2019\u00eatre mis en ligne.<br data-start=\"267\" data-end=\"270\" \/>Ils sont pens\u00e9s pour t\u2019offrir une exp\u00e9rience claire, fluide et agr\u00e9able, tout en restant fid\u00e8les \u00e0 l\u2019univers Yarn &amp; Crochet.<\/p>\n<p data-start=\"396\" data-end=\"563\">Proposer les patrons en format num\u00e9rique permet de limiter l\u2019impact environnemental (pas d\u2019impression, pas de transport) et de te donner un acc\u00e8s imm\u00e9diat apr\u00e8s achat.<\/p>\n<p data-start=\"565\" data-end=\"590\"><strong>Comment \u00e7a se passe ?<\/strong><\/p>\n<p data-start=\"595\" data-end=\"624\">1. Tu ach\u00e8tes le patron.<\/p>\n<p data-start=\"629\" data-end=\"694\">2. Tu re\u00e7ois imm\u00e9diatement un email avec ton lien de t\u00e9l\u00e9chargement.<\/p>\n<p data-start=\"699\" data-end=\"770\">3. Tu t\u00e9l\u00e9charges ton PDF (en fran\u00e7ais ou en anglais US, selon ton choix).<\/p>\n<p data-start=\"775\" data-end=\"834\">4. Tu peux commencer \u00e0 crocheter quand tu veux, \u00e0 ton rythme.<\/p>\n<p data-start=\"775\" data-end=\"834\">5. Tu as <span>un acc\u00e8s illimit\u00e9 au t\u00e9l\u00e9chargement de ton fichier en acc\u00e9dant \u00e0 ton compte.<\/span><\/p>\n<p data-start=\"836\" data-end=\"938\">Si tu as la moindre question pendant la r\u00e9alisation, je reste disponible par email \u00e0 <a href=\"mailto:contact@yarn-and-crochet.com\"><span style=\"text-decoration: underline;\">contact@yarn-and-crochet.com<\/span><\/a> pour t\u2019accompagner.<\/p>\n<\/div><\/div>\n<\/div>\n\n<div class=\"et_pb_column_5 et_pb_column et-last-child et_flex_column et_pb_css_mix_blend_mode_passthrough et_flex_column_8_24 et_flex_column_8_24_tablet et_flex_column_24_24_phone\">\n<div class=\"et_pb_image_0 et_pb_image et_pb_image_bottom_space_phone et_pb_module et_flex_module\"><span class=\"et_pb_image_wrap\"><img loading=\"lazy\" decoding=\"async\" src=\"https:\/\/yarn-and-crochet.com\/wp-content\/uploads\/2026\/02\/patron-jouetchat.png\" alt=\"patron-jouetchat\" title=\"Patron Jouet pour Chat\" width=\"617\" height=\"628\" srcset=\"https:\/\/yarn-and-crochet.com\/wp-content\/uploads\/2026\/02\/patron-jouetchat.png 617w, https:\/\/yarn-and-crochet.com\/wp-content\/uploads\/2026\/02\/patron-jouetchat-480x489.png 480w\" sizes=\"(min-width: 0px) and (max-width: 480px) 480px, (min-width: 481px) 617px, 100vw\" class=\"wp-image-5508\" \/><\/span><\/div>\n<\/div>\n<\/div>\n<\/div>\n\n<div class=\"et_pb_section_2 et_pb_section et_section_regular et_flex_section\">\n<div class=\"et_pb_row_4 et_pb_row et_flex_row\">\n<div class=\"et_pb_column_6 et_pb_column et-last-child et_flex_column et_pb_css_mix_blend_mode_passthrough et_flex_column_24_24 et_flex_column_24_24_tablet et_flex_column_24_24_phone\">\n<div class=\"et_pb_text_3 et_pb_text et_pb_bg_layout_light et_pb_module et_flex_module\"><div class=\"et_pb_text_inner\"><h2>D\u00e9tails du produit<\/h2>\n<\/div><\/div>\n<\/div>\n<\/div>\n\n<div class=\"et_pb_row_5 et_pb_row et_flex_row\">\n<div class=\"et_pb_column_7 et_pb_column et_flex_column et_pb_css_mix_blend_mode_passthrough et_flex_column_12_24 et_flex_column_12_24_tablet et_flex_column_24_24_phone\">\n<div class=\"et_pb_text_4 et_pb_text et_pb_bg_layout_light et_pb_module et_flex_module\"><div class=\"et_pb_text_inner\"><h3 style=\"text-align: center;\">Mat\u00e9riaux utilis\u00e9s<\/h3>\n<\/div><\/div>\n\n<div class=\"et_pb_text_5 et_pb_text et_pb_bg_layout_light et_pb_module et_flex_module\"><div class=\"et_pb_text_inner\"><p>\u2022 Crochet 3.0 mm<br \/>\u2022 Laine 100% naturelle (50 g \/ 160 m)<br \/>\u2022 Aiguille \u00e0 laine, ciseaux, marqueur de maille<br \/>\u2022 B\u00e2ton pour canne \u00e0 p\u00eache<\/p>\n<p><strong>S\u00e9curit\u00e9 avant tout<br \/><\/strong><\/p>\n<p><span>Pour le bien-\u00eatre de ton chat, utilise uniquement de la <strong>laine 100% naturelle<\/strong> (ex. coton certifi\u00e9 Oeko-Tex).<\/span><br \/><span>Ne laisse jamais ton animal jouer <strong>sans surveillance<\/strong> et retire le jouet s\u2019il est endommag\u00e9.<\/span><\/p>\n<p><strong>\u00a0<\/strong><\/p>\n<\/div><\/div>\n<\/div>\n\n<div class=\"et_pb_column_8 et_pb_column et-last-child et_flex_column et_pb_css_mix_blend_mode_passthrough et_flex_column_12_24 et_flex_column_12_24_tablet et_flex_column_24_24_phone\">\n<div class=\"et_pb_text_6 et_pb_text et_pb_bg_layout_light et_pb_module et_flex_module\"><div class=\"et_pb_text_inner\"><h3>Abr\u00e9viations utilis\u00e9es<\/h3>\n<\/div><\/div>\n\n<div class=\"et_pb_text_7 et_pb_text et_pb_bg_layout_light et_pb_module et_flex_module\"><div class=\"et_pb_text_inner\"><p>cm \u2013 Cercle magique\u00a0<br \/>ml \u2013 Maille en l\u2019air<br \/>ms \u2013 Maille Serr\u00e9e\u00a0<br \/>mc \u2013 Maille coul\u00e9e<br \/>b \u2013 Bride<br \/>db \u2013 Demi-bride<br \/>Aug \u2013 Augmentation<br \/>Dim \u2013 Diminution (faire une diminution invisible pour un meilleur r\u00e9sultat, sauf contre-indication ( = normal dim))<br \/>bav \u2013 Crocheter dans le brin avant uniquement de la maille<br \/>bar \u2013 Crocheter dans le brin arri\u00e8re uniquement de la maille<\/p>\n<p>( ) \u2013 R\u00e9p\u00e9tez l\u2019instruction entre ces parenth\u00e8ses le nombre de fois indiqu\u00e9<br \/>** \u2013 R\u00e9p\u00e9tez l\u2019instruction entre ces ast\u00e9risque dans la m\u00eame maille<br \/>[ ] \u2013 Nombre total de maille \u00e0 la fin du tour<\/p>\n<\/div><\/div>\n<\/div>\n<\/div>\n\n<div class=\"et_pb_row_6 et_pb_row et_flex_row certification-title\">\n<div class=\"et_pb_column_9 et_pb_column et-last-child et_flex_column et_pb_css_mix_blend_mode_passthrough et_flex_column_24_24 et_flex_column_24_24_tablet et_flex_column_24_24_phone\">\n<div class=\"et_pb_text_8 et_pb_text et_pb_bg_layout_light et_pb_module et_flex_module\"><div class=\"et_pb_text_inner\"><h3>Certification #MadeByHuman<\/h3>\n<\/div><\/div>\n<\/div>\n<\/div>\n\n<div class=\"et_pb_row_7 et_pb_row et_flex_row\">\n<div class=\"et_pb_column_10 et_pb_column et-last-child et_flex_column et_pb_css_mix_blend_mode_passthrough et_flex_column_24_24 et_flex_column_24_24_tablet et_flex_column_24_24_phone\">\n<div class=\"et_pb_text_9 et_pb_text et_pb_bg_layout_light et_pb_module et_flex_module\"><div class=\"et_pb_text_inner\"><p>Chaque patron et chaque cr\u00e9ation sont enti\u00e8rement imagin\u00e9s, crochet\u00e9s et test\u00e9s <strong>\u00e0 la main<\/strong>, sans utilisation de l\u2019intelligence artificielle. Une garantie de mod\u00e8les fiables, r\u00e9alisables et sinc\u00e8res.<\/p>\n<\/div><\/div>\n\n<div class=\"et_pb_text_10 et_pb_text et_pb_bg_layout_light et_pb_module et_flex_module\"><div class=\"et_pb_text_inner\"><h3>Conditions d'utilisations<\/h3>\n<\/div><\/div>\n\n<div class=\"et_pb_text_11 et_pb_text et_pb_bg_layout_light et_pb_module et_flex_module\"><div class=\"et_pb_text_inner\"><p><span>\u2022 T\u00e9l\u00e9chargement instantan\u00e9 apr\u00e8s paiement.<br \/><\/span><span>\u2022 <strong>Produit num\u00e9rique uniquement<\/strong>, aucun article physique inclus.<br \/><\/span><span>\u2022 Ce patron est r\u00e9serv\u00e9 \u00e0 <strong>un usage personnel uniquement<\/strong>. Il ne peut pas \u00eatre partag\u00e9, vendu ou distribu\u00e9. Tu peux vendre les cr\u00e9ations r\u00e9alis\u00e9es \u00e0 partir de ce mod\u00e8le, \u00e0 condition de mentionner Yarn &amp; Crochet comme designer. Merci de respecter mon travail.<br \/><\/span><span>\u2022 Aucun retour, \u00e9change ou annulation n\u2019est accept\u00e9 pour ce produit num\u00e9rique.<\/span><\/p>\n<\/div><\/div>\n<\/div>\n<\/div>\n<\/div>\n\n<div class=\"et_pb_section_3 et_pb_section et_section_regular et_flex_section section_has_divider et_pb_top_divider\"><div class=\"et_pb_top_inside_divider et-no-transition\"><\/div>\n<div class=\"et_pb_row_8 et_pb_row et_flex_row\">\n<div class=\"et_pb_column_11 et_pb_column et-last-child et_flex_column et_pb_css_mix_blend_mode_passthrough et_flex_column_24_24 et_flex_column_24_24_tablet et_flex_column_24_24_phone\">\n<div class=\"et_pb_text_12 et_pb_text et_pb_bg_layout_light et_pb_module et_flex_module\"><div class=\"et_pb_text_inner\"><h2>D\u00e9couvre tous les Patrons Yarn &amp; Crochet<\/h2>\n<\/div><\/div>\n<\/div>\n<\/div>\n\n<div class=\"et_pb_row_9 et_pb_row et_flex_row\">\n<div class=\"et_pb_column_12 et_pb_column et-last-child et_flex_column et_pb_css_mix_blend_mode_passthrough et_flex_column_24_24 et_flex_column_24_24_tablet et_flex_column_24_24_phone\">\n<div class=\"et_pb_shop_0 et_pb_shop et_pb_module\" data-shortcode_index=\"0\"><div class=\"woocommerce columns-4 \"><ul class=\"products columns-4\">\n<li class=\"product type-product post-5401 status-publish first instock product_cat-patrons has-post-thumbnail downloadable virtual purchasable product-type-simple\">\n\t<a href=\"https:\/\/yarn-and-crochet.com\/en\/creation\/patrons\/peluche-canard\/\" class=\"woocommerce-LoopProduct-link woocommerce-loop-product__link\"><span class=\"et_shop_image\"><img loading=\"lazy\" decoding=\"async\" width=\"650\" height=\"650\" src=\"https:\/\/yarn-and-crochet.com\/wp-content\/uploads\/2026\/01\/Oscarlecanard.jpg\" class=\"attachment-woocommerce_thumbnail size-woocommerce_thumbnail\" alt=\"Oscarlecanard\" srcset=\"https:\/\/yarn-and-crochet.com\/wp-content\/uploads\/2026\/01\/Oscarlecanard.jpg 650w, https:\/\/yarn-and-crochet.com\/wp-content\/uploads\/2026\/01\/Oscarlecanard-480x480.jpg 480w\" sizes=\"(min-width: 0px) and (max-width: 480px) 480px, (min-width: 481px) 650px, 100vw\" \/><span class=\"et_overlay\"><\/span><\/span><h2 class=\"woocommerce-loop-product__title\">Oscar Le Canard au Crochet &#8211; Patron Peluche PDF \u00e0 t\u00e9l\u00e9charger Fran\u00e7ais et Anglais<\/h2>\n\t<span class=\"price\"><span class=\"woocommerce-Price-amount amount\"><bdi>5,90&nbsp;<span class=\"woocommerce-Price-currencySymbol\">&euro;<\/span><\/bdi><\/span><\/span>\n<\/a><\/li>\n<li class=\"product type-product post-5430 status-publish instock product_cat-patrons has-post-thumbnail downloadable virtual purchasable product-type-simple\">\n\t<a href=\"https:\/\/yarn-and-crochet.com\/en\/creation\/patrons\/peluche-meduse\/\" class=\"woocommerce-LoopProduct-link woocommerce-loop-product__link\"><span class=\"et_shop_image\"><img loading=\"lazy\" decoding=\"async\" width=\"650\" height=\"650\" src=\"https:\/\/yarn-and-crochet.com\/wp-content\/uploads\/2026\/01\/Milalameduse.jpg\" class=\"attachment-woocommerce_thumbnail size-woocommerce_thumbnail\" alt=\"Milalameduse\" srcset=\"https:\/\/yarn-and-crochet.com\/wp-content\/uploads\/2026\/01\/Milalameduse.jpg 650w, https:\/\/yarn-and-crochet.com\/wp-content\/uploads\/2026\/01\/Milalameduse-480x480.jpg 480w\" sizes=\"(min-width: 0px) and (max-width: 480px) 480px, (min-width: 481px) 650px, 100vw\" \/><span class=\"et_overlay\"><\/span><\/span><h2 class=\"woocommerce-loop-product__title\">La M\u00e9duse au Crochet &#8211; Patron Peluche PDF \u00e0 t\u00e9l\u00e9charger Fran\u00e7ais et Anglais<\/h2>\n\t<span class=\"price\"><span class=\"woocommerce-Price-amount amount\"><bdi>5,90&nbsp;<span class=\"woocommerce-Price-currencySymbol\">&euro;<\/span><\/bdi><\/span><\/span>\n<\/a><\/li>\n<li class=\"product type-product post-5433 status-publish instock product_cat-patrons has-post-thumbnail downloadable virtual purchasable product-type-simple\">\n\t<a href=\"https:\/\/yarn-and-crochet.com\/en\/creation\/patrons\/peluche-pingouin\/\" class=\"woocommerce-LoopProduct-link woocommerce-loop-product__link\"><span class=\"et_shop_image\"><img loading=\"lazy\" decoding=\"async\" width=\"650\" height=\"650\" src=\"https:\/\/yarn-and-crochet.com\/wp-content\/uploads\/2026\/02\/P1330849.jpg\" class=\"attachment-woocommerce_thumbnail size-woocommerce_thumbnail\" alt=\"B\u00e9b\u00e9 Pingouin au Crochet \u2013 Patron Peluche PDF \u00e0 t\u00e9l\u00e9charger Fran\u00e7ais et Anglais\" srcset=\"https:\/\/yarn-and-crochet.com\/wp-content\/uploads\/2026\/02\/P1330849.jpg 650w, https:\/\/yarn-and-crochet.com\/wp-content\/uploads\/2026\/02\/P1330849-480x480.jpg 480w\" sizes=\"(min-width: 0px) and (max-width: 480px) 480px, (min-width: 481px) 650px, 100vw\" \/><span class=\"et_overlay\"><\/span><\/span><h2 class=\"woocommerce-loop-product__title\">B\u00e9b\u00e9 Pingouin au Crochet \u2013 Patron Peluche PDF \u00e0 t\u00e9l\u00e9charger Fran\u00e7ais et Anglais<\/h2>\n\t<span class=\"price\"><span class=\"woocommerce-Price-amount amount\"><bdi>5,90&nbsp;<span class=\"woocommerce-Price-currencySymbol\">&euro;<\/span><\/bdi><\/span><\/span>\n<\/a><\/li>\n<li class=\"product type-product post-5441 status-publish last instock product_cat-patrons has-post-thumbnail downloadable virtual purchasable product-type-simple\">\n\t<a href=\"https:\/\/yarn-and-crochet.com\/en\/creation\/patrons\/peluche-loutre\/\" class=\"woocommerce-LoopProduct-link woocommerce-loop-product__link\"><span class=\"et_shop_image\"><img loading=\"lazy\" decoding=\"async\" width=\"650\" height=\"650\" src=\"https:\/\/yarn-and-crochet.com\/wp-content\/uploads\/2026\/02\/P1330795.jpg\" class=\"attachment-woocommerce_thumbnail size-woocommerce_thumbnail\" alt=\"loutre-de-mer\" srcset=\"https:\/\/yarn-and-crochet.com\/wp-content\/uploads\/2026\/02\/P1330795.jpg 650w, https:\/\/yarn-and-crochet.com\/wp-content\/uploads\/2026\/02\/P1330795-480x480.jpg 480w\" sizes=\"(min-width: 0px) and (max-width: 480px) 480px, (min-width: 481px) 650px, 100vw\" \/><span class=\"et_overlay\"><\/span><\/span><h2 class=\"woocommerce-loop-product__title\">Loutre de Mer au Crochet \u2013 Patron Peluche PDF \u00e0 t\u00e9l\u00e9charger Fran\u00e7ais et Anglais<\/h2>\n\t<span class=\"price\"><span class=\"woocommerce-Price-amount amount\"><bdi>5,90&nbsp;<span class=\"woocommerce-Price-currencySymbol\">&euro;<\/span><\/bdi><\/span><\/span>\n<\/a><\/li>\n<\/ul>\n<\/div><\/div>\n\n<div class=\"et_pb_module et_pb_button_module_wrapper et_pb_button_0_wrapper\"><a class=\"et_pb_button_0 et_pb_button et_pb_bg_layout_light et_pb_module et_flex_module yc-bouton\" href=\"\/creations\/patrons\/\">Tous les Patrons<\/a><\/div>\n<\/div>\n<\/div>\n<\/div>","protected":false},"excerpt":{"rendered":"","protected":false},"featured_media":5504,"template":"","meta":[],"product_brand":[],"product_cat":[124],"product_tag":[],"class_list":{"0":"post-5503","1":"product","2":"type-product","3":"status-publish","4":"has-post-thumbnail","6":"product_cat-patrons","7":"product_shipping_class-medium","9":"first","10":"instock","11":"downloadable","12":"virtual","13":"purchasable","14":"product-type-simple"},"yoast_head":"<!-- This site is optimized with the Yoast SEO plugin v27.5 - https:\/\/yoast.com\/product\/yoast-seo-wordpress\/ -->\n<title>Patron Jouet pour Chat au Crochet \u2013 Tutoriel PDF<\/title>\n<meta name=\"description\" content=\"Cr\u00e9e un jouet pour ton chat au crochet gr\u00e2ce \u00e0 ce patron PDF (FRAN\u00c7AIS et ANGLAIS). Fabrique un poisson, une m\u00e9duse et un calamar pour des heures de jeux !\" \/>\n<meta name=\"robots\" content=\"index, follow, max-snippet:-1, max-image-preview:large, max-video-preview:-1\" \/>\n<link rel=\"canonical\" href=\"https:\/\/yarn-and-crochet.com\/en\/creation\/patterns\/cat-toy-fishing-rod\/\" \/>\n<meta property=\"og:locale\" content=\"en_US\" \/>\n<meta property=\"og:type\" content=\"article\" \/>\n<meta property=\"og:title\" content=\"Patron Jouet pour Chat au Crochet \u2013 Tutoriel PDF\" \/>\n<meta property=\"og:description\" content=\"Cr\u00e9e un jouet pour ton chat au crochet gr\u00e2ce \u00e0 ce patron PDF (FRAN\u00c7AIS et ANGLAIS). Fabrique un poisson, une m\u00e9duse et un calamar pour des heures de jeux !\" \/>\n<meta property=\"og:url\" content=\"https:\/\/yarn-and-crochet.com\/en\/creation\/patterns\/cat-toy-fishing-rod\/\" \/>\n<meta property=\"og:site_name\" content=\"Yarn And Crochet\" \/>\n<meta property=\"article:modified_time\" content=\"2026-02-24T17:14:09+00:00\" \/>\n<meta property=\"og:image\" content=\"https:\/\/yarn-and-crochet.com\/wp-content\/uploads\/2026\/02\/jouetpourchat.jpg\" \/>\n\t<meta property=\"og:image:width\" content=\"650\" \/>\n\t<meta property=\"og:image:height\" content=\"650\" \/>\n\t<meta property=\"og:image:type\" content=\"image\/jpeg\" \/>\n<meta name=\"twitter:card\" content=\"summary_large_image\" \/>\n<meta name=\"twitter:label1\" content=\"Est. reading time\" \/>\n\t<meta name=\"twitter:data1\" content=\"1 minute\" \/>\n<script type=\"application\/ld+json\" class=\"yoast-schema-graph\">{\"@context\":\"https:\\\/\\\/schema.org\",\"@graph\":[{\"@type\":\"WebPage\",\"@id\":\"https:\\\/\\\/yarn-and-crochet.com\\\/creation\\\/patrons\\\/jouet-chat-canne-a-peche\\\/\",\"url\":\"https:\\\/\\\/yarn-and-crochet.com\\\/creation\\\/patrons\\\/jouet-chat-canne-a-peche\\\/\",\"name\":\"Patron Jouet pour Chat au Crochet \u2013 Tutoriel PDF\",\"isPartOf\":{\"@id\":\"https:\\\/\\\/yarn-and-crochet.com\\\/#website\"},\"primaryImageOfPage\":{\"@id\":\"https:\\\/\\\/yarn-and-crochet.com\\\/creation\\\/patrons\\\/jouet-chat-canne-a-peche\\\/#primaryimage\"},\"image\":{\"@id\":\"https:\\\/\\\/yarn-and-crochet.com\\\/creation\\\/patrons\\\/jouet-chat-canne-a-peche\\\/#primaryimage\"},\"thumbnailUrl\":\"https:\\\/\\\/yarn-and-crochet.com\\\/wp-content\\\/uploads\\\/2026\\\/02\\\/jouetpourchat.jpg\",\"datePublished\":\"2026-02-21T17:11:38+00:00\",\"dateModified\":\"2026-02-24T17:14:09+00:00\",\"description\":\"Cr\u00e9e un jouet pour ton chat au crochet gr\u00e2ce \u00e0 ce patron PDF (FRAN\u00c7AIS et ANGLAIS). Fabrique un poisson, une m\u00e9duse et un calamar pour des heures de jeux !\",\"breadcrumb\":{\"@id\":\"https:\\\/\\\/yarn-and-crochet.com\\\/creation\\\/patrons\\\/jouet-chat-canne-a-peche\\\/#breadcrumb\"},\"inLanguage\":\"en-US\",\"potentialAction\":[{\"@type\":\"ReadAction\",\"target\":[\"https:\\\/\\\/yarn-and-crochet.com\\\/creation\\\/patrons\\\/jouet-chat-canne-a-peche\\\/\"]}]},{\"@type\":\"ImageObject\",\"inLanguage\":\"en-US\",\"@id\":\"https:\\\/\\\/yarn-and-crochet.com\\\/creation\\\/patrons\\\/jouet-chat-canne-a-peche\\\/#primaryimage\",\"url\":\"https:\\\/\\\/yarn-and-crochet.com\\\/wp-content\\\/uploads\\\/2026\\\/02\\\/jouetpourchat.jpg\",\"contentUrl\":\"https:\\\/\\\/yarn-and-crochet.com\\\/wp-content\\\/uploads\\\/2026\\\/02\\\/jouetpourchat.jpg\",\"width\":650,\"height\":650,\"caption\":\"jouetpourchat\"},{\"@type\":\"BreadcrumbList\",\"@id\":\"https:\\\/\\\/yarn-and-crochet.com\\\/creation\\\/patrons\\\/jouet-chat-canne-a-peche\\\/#breadcrumb\",\"itemListElement\":[{\"@type\":\"ListItem\",\"position\":1,\"name\":\"Accueil\",\"item\":\"https:\\\/\\\/yarn-and-crochet.com\\\/\"},{\"@type\":\"ListItem\",\"position\":2,\"name\":\"Produits\",\"item\":\"https:\\\/\\\/yarn-and-crochet.com\\\/boutique\\\/\"},{\"@type\":\"ListItem\",\"position\":3,\"name\":\"Patron Jouet pour Chat au Crochet \u2013 Tutoriel PDF (Fran\u00e7ais\\\/Anglais) Canne \u00e0 P\u00eache avec poisson calamar et m\u00e9duse\"}]},{\"@type\":\"WebSite\",\"@id\":\"https:\\\/\\\/yarn-and-crochet.com\\\/#website\",\"url\":\"https:\\\/\\\/yarn-and-crochet.com\\\/\",\"name\":\"Yarn And Crochet\",\"description\":\"Yarn And Crochet\",\"potentialAction\":[{\"@type\":\"SearchAction\",\"target\":{\"@type\":\"EntryPoint\",\"urlTemplate\":\"https:\\\/\\\/yarn-and-crochet.com\\\/?s={search_term_string}\"},\"query-input\":{\"@type\":\"PropertyValueSpecification\",\"valueRequired\":true,\"valueName\":\"search_term_string\"}}],\"inLanguage\":\"en-US\"}]}<\/script>\n<!-- \/ Yoast SEO plugin. -->","yoast_head_json":{"title":"Crochet Cat Toy Pattern \u2013 PDF Tutorial","description":"Create a crocheted toy for your cat with this PDF pattern (FRENCH and ENGLISH). Make a fish, a jellyfish, and a squid for hours of fun!","robots":{"index":"index","follow":"follow","max-snippet":"max-snippet:-1","max-image-preview":"max-image-preview:large","max-video-preview":"max-video-preview:-1"},"canonical":"https:\/\/yarn-and-crochet.com\/en\/creation\/patterns\/cat-toy-fishing-rod\/","og_locale":"en_US","og_type":"article","og_title":"Patron Jouet pour Chat au Crochet \u2013 Tutoriel PDF","og_description":"Cr\u00e9e un jouet pour ton chat au crochet gr\u00e2ce \u00e0 ce patron PDF (FRAN\u00c7AIS et ANGLAIS). Fabrique un poisson, une m\u00e9duse et un calamar pour des heures de jeux !","og_url":"https:\/\/yarn-and-crochet.com\/en\/creation\/patterns\/cat-toy-fishing-rod\/","og_site_name":"Yarn And Crochet","article_modified_time":"2026-02-24T17:14:09+00:00","og_image":[{"width":650,"height":650,"url":"https:\/\/yarn-and-crochet.com\/wp-content\/uploads\/2026\/02\/jouetpourchat.jpg","type":"image\/jpeg"}],"twitter_card":"summary_large_image","twitter_misc":{"Est. reading time":"1 minute"},"schema":{"@context":"https:\/\/schema.org","@graph":[{"@type":"WebPage","@id":"https:\/\/yarn-and-crochet.com\/creation\/patrons\/jouet-chat-canne-a-peche\/","url":"https:\/\/yarn-and-crochet.com\/creation\/patrons\/jouet-chat-canne-a-peche\/","name":"Crochet Cat Toy Pattern \u2013 PDF Tutorial","isPartOf":{"@id":"https:\/\/yarn-and-crochet.com\/#website"},"primaryImageOfPage":{"@id":"https:\/\/yarn-and-crochet.com\/creation\/patrons\/jouet-chat-canne-a-peche\/#primaryimage"},"image":{"@id":"https:\/\/yarn-and-crochet.com\/creation\/patrons\/jouet-chat-canne-a-peche\/#primaryimage"},"thumbnailUrl":"https:\/\/yarn-and-crochet.com\/wp-content\/uploads\/2026\/02\/jouetpourchat.jpg","datePublished":"2026-02-21T17:11:38+00:00","dateModified":"2026-02-24T17:14:09+00:00","description":"Create a crocheted toy for your cat with this PDF pattern (FRENCH and ENGLISH). Make a fish, a jellyfish, and a squid for hours of fun!","breadcrumb":{"@id":"https:\/\/yarn-and-crochet.com\/creation\/patrons\/jouet-chat-canne-a-peche\/#breadcrumb"},"inLanguage":"en-US","potentialAction":[{"@type":"ReadAction","target":["https:\/\/yarn-and-crochet.com\/creation\/patrons\/jouet-chat-canne-a-peche\/"]}]},{"@type":"ImageObject","inLanguage":"en-US","@id":"https:\/\/yarn-and-crochet.com\/creation\/patrons\/jouet-chat-canne-a-peche\/#primaryimage","url":"https:\/\/yarn-and-crochet.com\/wp-content\/uploads\/2026\/02\/jouetpourchat.jpg","contentUrl":"https:\/\/yarn-and-crochet.com\/wp-content\/uploads\/2026\/02\/jouetpourchat.jpg","width":650,"height":650,"caption":"jouetpourchat"},{"@type":"BreadcrumbList","@id":"https:\/\/yarn-and-crochet.com\/creation\/patrons\/jouet-chat-canne-a-peche\/#breadcrumb","itemListElement":[{"@type":"ListItem","position":1,"name":"Accueil","item":"https:\/\/yarn-and-crochet.com\/"},{"@type":"ListItem","position":2,"name":"Produits","item":"https:\/\/yarn-and-crochet.com\/boutique\/"},{"@type":"ListItem","position":3,"name":"Patron Jouet pour Chat au Crochet \u2013 Tutoriel PDF (Fran\u00e7ais\/Anglais) Canne \u00e0 P\u00eache avec poisson calamar et m\u00e9duse"}]},{"@type":"WebSite","@id":"https:\/\/yarn-and-crochet.com\/#website","url":"https:\/\/yarn-and-crochet.com\/","name":"Yarn And Crochet","description":"Yarn And Crochet","potentialAction":[{"@type":"SearchAction","target":{"@type":"EntryPoint","urlTemplate":"https:\/\/yarn-and-crochet.com\/?s={search_term_string}"},"query-input":{"@type":"PropertyValueSpecification","valueRequired":true,"valueName":"search_term_string"}}],"inLanguage":"en-US"}]}},"_links":{"self":[{"href":"https:\/\/yarn-and-crochet.com\/en\/wp-json\/wp\/v2\/product\/5503","targetHints":{"allow":["GET"]}}],"collection":[{"href":"https:\/\/yarn-and-crochet.com\/en\/wp-json\/wp\/v2\/product"}],"about":[{"href":"https:\/\/yarn-and-crochet.com\/en\/wp-json\/wp\/v2\/types\/product"}],"wp:featuredmedia":[{"embeddable":true,"href":"https:\/\/yarn-and-crochet.com\/en\/wp-json\/wp\/v2\/media\/5504"}],"wp:attachment":[{"href":"https:\/\/yarn-and-crochet.com\/en\/wp-json\/wp\/v2\/media?parent=5503"}],"wp:term":[{"taxonomy":"product_brand","embeddable":true,"href":"https:\/\/yarn-and-crochet.com\/en\/wp-json\/wp\/v2\/product_brand?post=5503"},{"taxonomy":"product_cat","embeddable":true,"href":"https:\/\/yarn-and-crochet.com\/en\/wp-json\/wp\/v2\/product_cat?post=5503"},{"taxonomy":"product_tag","embeddable":true,"href":"https:\/\/yarn-and-crochet.com\/en\/wp-json\/wp\/v2\/product_tag?post=5503"}],"curies":[{"name":"wp","href":"https:\/\/api.w.org\/{rel}","templated":true}]}}